{"id":9,"date":"2020-05-08T17:40:22","date_gmt":"2020-05-08T17:40:22","guid":{"rendered":"https:\/\/eisenbahnmuseum-schwechat.at\/?page_id=9"},"modified":"2024-07-28T15:02:14","modified_gmt":"2024-07-28T15:02:14","slug":"kontakt","status":"publish","type":"page","link":"https:\/\/eisenbahnmuseum.vfkl.at\/index.php\/kontakt\/","title":{"rendered":"Kontakt und Impressum"},"content":{"rendered":"\r\n<p>Leider ist unsere Sammlung f\u00fcr uns nicht zug\u00e4nglich. Daher k\u00f6nnen wir auch keine Besucher empfangen. Es besteht aber die M\u00f6glichkeit, die Museumsleitung elektronisch zu Kontaktieren.<\/p>\r\n<div class=\"wpforms-container wpforms-container-full\" id=\"wpforms-58\"><form id=\"wpforms-form-58\" class=\"wpforms-validate wpforms-form\" data-formid=\"58\" method=\"post\" enctype=\"multipart\/form-data\" action=\"\/index.php\/wp-json\/wp\/v2\/pages\/9\" data-token=\"f8e741a7217bb8a2b0dcabed7c172347\" data-token-time=\"1777161861\"><noscript class=\"wpforms-error-noscript\">Bitte aktiviere JavaScript in deinem Browser, um dieses Formular fertigzustellen.<\/noscript><div class=\"wpforms-field-container\"><div id=\"wpforms-58-field_0-container\" class=\"wpforms-field wpforms-field-name\" data-field-id=\"0\"><label class=\"wpforms-field-label\">Name <span class=\"wpforms-required-label\">*<\/span><\/label><div class=\"wpforms-field-row wpforms-field-medium\"><div class=\"wpforms-field-row-block wpforms-first wpforms-one-half\"><input type=\"text\" id=\"wpforms-58-field_0\" class=\"wpforms-field-name-first wpforms-field-required\" name=\"wpforms[fields][0][first]\" required><label for=\"wpforms-58-field_0\" class=\"wpforms-field-sublabel after\">Vorname<\/label><\/div><div class=\"wpforms-field-row-block wpforms-one-half\"><input type=\"text\" id=\"wpforms-58-field_0-last\" class=\"wpforms-field-name-last wpforms-field-required\" name=\"wpforms[fields][0][last]\" required><label for=\"wpforms-58-field_0-last\" class=\"wpforms-field-sublabel after\">Nachname<\/label><\/div><\/div><\/div><div id=\"wpforms-58-field_1-container\" class=\"wpforms-field wpforms-field-email\" data-field-id=\"1\"><label class=\"wpforms-field-label\" for=\"wpforms-58-field_1\">E-Mail <span class=\"wpforms-required-label\">*<\/span><\/label><input type=\"email\" id=\"wpforms-58-field_1\" class=\"wpforms-field-medium wpforms-field-required\" name=\"wpforms[fields][1]\" spellcheck=\"false\" required><\/div><div id=\"wpforms-58-field_4-container\" class=\"wpforms-field wpforms-field-radio\" data-field-id=\"4\"><label class=\"wpforms-field-label\">Multiple Choice<\/label><ul id=\"wpforms-58-field_4\"><li class=\"choice-1 depth-1\"><input type=\"radio\" id=\"wpforms-58-field_4_1\" name=\"wpforms[fields][4]\" value=\"An die Museumsleitung\"  ><label class=\"wpforms-field-label-inline\" for=\"wpforms-58-field_4_1\">An die Museumsleitung<\/label><\/li><li class=\"choice-2 depth-1\"><input type=\"radio\" id=\"wpforms-58-field_4_2\" name=\"wpforms[fields][4]\" value=\"An den Webadministrator\"  ><label class=\"wpforms-field-label-inline\" for=\"wpforms-58-field_4_2\">An den Webadministrator<\/label><\/li><\/ul><\/div><div id=\"wpforms-58-field_2-container\" class=\"wpforms-field wpforms-field-textarea\" data-field-id=\"2\"><label class=\"wpforms-field-label\" for=\"wpforms-58-field_2\">Kommentar oder Nachricht <span class=\"wpforms-required-label\">*<\/span><\/label><textarea id=\"wpforms-58-field_2\" class=\"wpforms-field-medium wpforms-field-required\" name=\"wpforms[fields][2]\" required><\/textarea><\/div><\/div><!-- .wpforms-field-container --><div class=\"wpforms-field wpforms-field-hp\"><label for=\"wpforms-58-field-hp\" class=\"wpforms-field-label\">Name<\/label><input type=\"text\" name=\"wpforms[hp]\" id=\"wpforms-58-field-hp\" class=\"wpforms-field-medium\"><\/div><div class=\"wpforms-recaptcha-container wpforms-is-recaptcha wpforms-is-recaptcha-type-v3\" ><input type=\"hidden\" name=\"wpforms[recaptcha]\" value=\"\"><\/div><div class=\"wpforms-submit-container\" ><input type=\"hidden\" name=\"wpforms[id]\" value=\"58\"><input type=\"hidden\" name=\"page_title\" value=\"\"><input type=\"hidden\" name=\"page_url\" value=\"https:\/\/eisenbahnmuseum.vfkl.at\/index.php\/wp-json\/wp\/v2\/pages\/9\"><input type=\"hidden\" name=\"url_referer\" value=\"\"><button type=\"submit\" name=\"wpforms[submit]\" id=\"wpforms-submit-58\" class=\"wpforms-submit\" data-alt-text=\"Senden...\" data-submit-text=\"Absenden\" aria-live=\"assertive\" value=\"wpforms-submit\">Absenden<\/button><\/div><\/form><\/div>  <!-- .wpforms-container -->\r\n<p>Beachten Sie bitte unsere\u00a0<a href=\"https:\/\/eisenbahnmuseum.vfkl.at\/?page_id=3&amp;preview=true\">Datenschutzerkl\u00e4rung.<\/a><\/p>\r\n<p>Impressum:<\/p>\r\n<p>Offenlegung nach \u00a7 25 Mediengesetz und \u00a7 5 eCommerce-Gesetz<\/p>\r\n<p>Medieninhaber, Herausgeber und Eigent\u00fcmer:<\/p>\r\n<p>Verein zur F\u00f6rderung von Klein und Lokalbahnen<br \/>Weilgasse 3<br \/>1190 Wien<br \/>ZVR Zahl: 563003742<br \/>Zust\u00e4ndige Aufsichtsbeh\u00f6rde: Landespolizeidirektion Wien<br \/>Anwendbare Rechtsvorschriften: Vereinsgesetz 2002<br \/>Blattlinie: Fachpublikation zum Thema historisches Technik- und Verkehrswesen<br \/>Vertretungsbefugtes Organ: Franz Kamper<br \/>F\u00fcr den Inhalt verantwortlich: Werner Rochlitz<\/p>\r\n<p>F\u00fcr n\u00e4here Informationen \u00fcber unseren Verein, <a href=\"https:\/\/citizen.bmi.gv.at\/at.gv.bmi.fnsweb-p\/zvn\/public\/Registerauszug\">n\u00fctzen Sie bitte die kostenlose Abfrage des Vereinsregisterauszug beim Bundesministerium f\u00fcr Inneres.<\/a> Unsere ZVR Zahl ist: 563003742<\/p>\r\n","protected":false},"excerpt":{"rendered":"<p>Leider ist unsere Sammlung f\u00fcr uns nicht zug\u00e4nglich. Daher k\u00f6nnen wir auch keine Besucher empfangen. Es besteht aber die M\u00f6glichkeit, die Museumsleitung elektronisch zu Kontaktieren. Beachten Sie bitte unsere\u00a0Datenschutzerkl\u00e4rung. Impressum: Offenlegung nach \u00a7 25 Mediengesetz und \u00a7 5 eCommerce-Gesetz Medieninhaber, Herausgeber und Eigent\u00fcmer: Verein zur F\u00f6rderung von Klein und LokalbahnenWeilgasse 31190 WienZVR Zahl: 563003742Zust\u00e4ndige Aufsichtsbeh\u00f6rde: &hellip; <\/p>\n<p class=\"link-more\"><a href=\"https:\/\/eisenbahnmuseum.vfkl.at\/index.php\/kontakt\/\" class=\"more-link\"><span class=\"screen-reader-text\">\u201eKontakt und Impressum\u201c <\/span>weiterlesen<\/a><\/p>\n","protected":false},"author":1,"featured_media":0,"parent":0,"menu_order":0,"comment_status":"closed","ping_status":"closed","template":"","meta":{"footnotes":""},"class_list":["post-9","page","type-page","status-publish","hentry"],"yoast_head":"<!-- This site is optimized with the Yoast SEO plugin v24.5 - https:\/\/yoast.com\/wordpress\/plugins\/seo\/ -->\n<title>Kontakt und Impressum - Verein zur F\u00f6rderung von Klein- und Lokalbahnen<\/title>\n<meta name=\"robots\" content=\"index, follow, max-snippet:-1, max-image-preview:large, max-video-preview:-1\" \/>\n<link rel=\"canonical\" href=\"https:\/\/eisenbahnmuseum.vfkl.at\/index.php\/kontakt\/\" \/>\n<meta property=\"og:locale\" content=\"de_DE\" \/>\n<meta property=\"og:type\" content=\"article\" \/>\n<meta property=\"og:title\" content=\"Kontakt und Impressum - Verein zur F\u00f6rderung von Klein- und Lokalbahnen\" \/>\n<meta property=\"og:description\" content=\"Leider ist unsere Sammlung f\u00fcr uns nicht zug\u00e4nglich. Daher k\u00f6nnen wir auch keine Besucher empfangen. Es besteht aber die M\u00f6glichkeit, die Museumsleitung elektronisch zu Kontaktieren. Beachten Sie bitte unsere\u00a0Datenschutzerkl\u00e4rung. Impressum: Offenlegung nach \u00a7 25 Mediengesetz und \u00a7 5 eCommerce-Gesetz Medieninhaber, Herausgeber und Eigent\u00fcmer: Verein zur F\u00f6rderung von Klein und LokalbahnenWeilgasse 31190 WienZVR Zahl: 563003742Zust\u00e4ndige Aufsichtsbeh\u00f6rde: &hellip; \u201eKontakt und Impressum\u201c weiterlesen\" \/>\n<meta property=\"og:url\" content=\"https:\/\/eisenbahnmuseum.vfkl.at\/index.php\/kontakt\/\" \/>\n<meta property=\"og:site_name\" content=\"Verein zur F\u00f6rderung von Klein- und Lokalbahnen\" \/>\n<meta property=\"article:modified_time\" content=\"2024-07-28T15:02:14+00:00\" \/>\n<meta name=\"twitter:card\" content=\"summary_large_image\" \/>\n<meta name=\"twitter:label1\" content=\"Gesch\u00e4tzte Lesezeit\" \/>\n\t<meta name=\"twitter:data1\" content=\"1\u00a0Minute\" \/>\n<script type=\"application\/ld+json\" class=\"yoast-schema-graph\">{\"@context\":\"https:\/\/schema.org\",\"@graph\":[{\"@type\":\"WebPage\",\"@id\":\"https:\/\/eisenbahnmuseum.vfkl.at\/index.php\/kontakt\/\",\"url\":\"https:\/\/eisenbahnmuseum.vfkl.at\/index.php\/kontakt\/\",\"name\":\"Kontakt und Impressum - Verein zur F\u00f6rderung von Klein- und Lokalbahnen\",\"isPartOf\":{\"@id\":\"https:\/\/eisenbahnmuseum.vfkl.at\/#website\"},\"datePublished\":\"2020-05-08T17:40:22+00:00\",\"dateModified\":\"2024-07-28T15:02:14+00:00\",\"breadcrumb\":{\"@id\":\"https:\/\/eisenbahnmuseum.vfkl.at\/index.php\/kontakt\/#breadcrumb\"},\"inLanguage\":\"de\",\"potentialAction\":[{\"@type\":\"ReadAction\",\"target\":[\"https:\/\/eisenbahnmuseum.vfkl.at\/index.php\/kontakt\/\"]}]},{\"@type\":\"BreadcrumbList\",\"@id\":\"https:\/\/eisenbahnmuseum.vfkl.at\/index.php\/kontakt\/#breadcrumb\",\"itemListElement\":[{\"@type\":\"ListItem\",\"position\":1,\"name\":\"Startseite\",\"item\":\"https:\/\/eisenbahnmuseum.vfkl.at\/\"},{\"@type\":\"ListItem\",\"position\":2,\"name\":\"Kontakt und Impressum\"}]},{\"@type\":\"WebSite\",\"@id\":\"https:\/\/eisenbahnmuseum.vfkl.at\/#website\",\"url\":\"https:\/\/eisenbahnmuseum.vfkl.at\/\",\"name\":\"Verein zur F\u00f6rderung von Klein- und Lokalbahnen\",\"description\":\"Das virtuelle Museum\",\"potentialAction\":[{\"@type\":\"SearchAction\",\"target\":{\"@type\":\"EntryPoint\",\"urlTemplate\":\"https:\/\/eisenbahnmuseum.vfkl.at\/?s={search_term_string}\"},\"query-input\":{\"@type\":\"PropertyValueSpecification\",\"valueRequired\":true,\"valueName\":\"search_term_string\"}}],\"inLanguage\":\"de\"}]}<\/script>\n<!-- \/ Yoast SEO plugin. -->","yoast_head_json":{"title":"Kontakt und Impressum - Verein zur F\u00f6rderung von Klein- und Lokalbahnen","robots":{"index":"index","follow":"follow","max-snippet":"max-snippet:-1","max-image-preview":"max-image-preview:large","max-video-preview":"max-video-preview:-1"},"canonical":"https:\/\/eisenbahnmuseum.vfkl.at\/index.php\/kontakt\/","og_locale":"de_DE","og_type":"article","og_title":"Kontakt und Impressum - Verein zur F\u00f6rderung von Klein- und Lokalbahnen","og_description":"Leider ist unsere Sammlung f\u00fcr uns nicht zug\u00e4nglich. Daher k\u00f6nnen wir auch keine Besucher empfangen. Es besteht aber die M\u00f6glichkeit, die Museumsleitung elektronisch zu Kontaktieren. Beachten Sie bitte unsere\u00a0Datenschutzerkl\u00e4rung. Impressum: Offenlegung nach \u00a7 25 Mediengesetz und \u00a7 5 eCommerce-Gesetz Medieninhaber, Herausgeber und Eigent\u00fcmer: Verein zur F\u00f6rderung von Klein und LokalbahnenWeilgasse 31190 WienZVR Zahl: 563003742Zust\u00e4ndige Aufsichtsbeh\u00f6rde: &hellip; \u201eKontakt und Impressum\u201c weiterlesen","og_url":"https:\/\/eisenbahnmuseum.vfkl.at\/index.php\/kontakt\/","og_site_name":"Verein zur F\u00f6rderung von Klein- und Lokalbahnen","article_modified_time":"2024-07-28T15:02:14+00:00","twitter_card":"summary_large_image","twitter_misc":{"Gesch\u00e4tzte Lesezeit":"1\u00a0Minute"},"schema":{"@context":"https:\/\/schema.org","@graph":[{"@type":"WebPage","@id":"https:\/\/eisenbahnmuseum.vfkl.at\/index.php\/kontakt\/","url":"https:\/\/eisenbahnmuseum.vfkl.at\/index.php\/kontakt\/","name":"Kontakt und Impressum - Verein zur F\u00f6rderung von Klein- und Lokalbahnen","isPartOf":{"@id":"https:\/\/eisenbahnmuseum.vfkl.at\/#website"},"datePublished":"2020-05-08T17:40:22+00:00","dateModified":"2024-07-28T15:02:14+00:00","breadcrumb":{"@id":"https:\/\/eisenbahnmuseum.vfkl.at\/index.php\/kontakt\/#breadcrumb"},"inLanguage":"de","potentialAction":[{"@type":"ReadAction","target":["https:\/\/eisenbahnmuseum.vfkl.at\/index.php\/kontakt\/"]}]},{"@type":"BreadcrumbList","@id":"https:\/\/eisenbahnmuseum.vfkl.at\/index.php\/kontakt\/#breadcrumb","itemListElement":[{"@type":"ListItem","position":1,"name":"Startseite","item":"https:\/\/eisenbahnmuseum.vfkl.at\/"},{"@type":"ListItem","position":2,"name":"Kontakt und Impressum"}]},{"@type":"WebSite","@id":"https:\/\/eisenbahnmuseum.vfkl.at\/#website","url":"https:\/\/eisenbahnmuseum.vfkl.at\/","name":"Verein zur F\u00f6rderung von Klein- und Lokalbahnen","description":"Das virtuelle Museum","potentialAction":[{"@type":"SearchAction","target":{"@type":"EntryPoint","urlTemplate":"https:\/\/eisenbahnmuseum.vfkl.at\/?s={search_term_string}"},"query-input":{"@type":"PropertyValueSpecification","valueRequired":true,"valueName":"search_term_string"}}],"inLanguage":"de"}]}},"_links":{"self":[{"href":"https:\/\/eisenbahnmuseum.vfkl.at\/index.php\/wp-json\/wp\/v2\/pages\/9","targetHints":{"allow":["GET"]}}],"collection":[{"href":"https:\/\/eisenbahnmuseum.vfkl.at\/index.php\/wp-json\/wp\/v2\/pages"}],"about":[{"href":"https:\/\/eisenbahnmuseum.vfkl.at\/index.php\/wp-json\/wp\/v2\/types\/page"}],"author":[{"embeddable":true,"href":"https:\/\/eisenbahnmuseum.vfkl.at\/index.php\/wp-json\/wp\/v2\/users\/1"}],"replies":[{"embeddable":true,"href":"https:\/\/eisenbahnmuseum.vfkl.at\/index.php\/wp-json\/wp\/v2\/comments?post=9"}],"version-history":[{"count":9,"href":"https:\/\/eisenbahnmuseum.vfkl.at\/index.php\/wp-json\/wp\/v2\/pages\/9\/revisions"}],"predecessor-version":[{"id":219,"href":"https:\/\/eisenbahnmuseum.vfkl.at\/index.php\/wp-json\/wp\/v2\/pages\/9\/revisions\/219"}],"wp:attachment":[{"href":"https:\/\/eisenbahnmuseum.vfkl.at\/index.php\/wp-json\/wp\/v2\/media?parent=9"}],"curies":[{"name":"wp","href":"https:\/\/api.w.org\/{rel}","templated":true}]}}