{"id":7,"date":"2020-05-08T17:40:21","date_gmt":"2020-05-08T17:40:21","guid":{"rendered":"https:\/\/eisenbahnmuseum-schwechat.at\/?page_id=7"},"modified":"2024-07-28T15:00:46","modified_gmt":"2024-07-28T15:00:46","slug":"the-new-umoma-opens-its-doors-2","status":"publish","type":"page","link":"https:\/\/eisenbahnmuseum.vfkl.at\/","title":{"rendered":"Herzlich Willkommen!"},"content":{"rendered":"<p>Herzlich Willkommen beim Verein zur F\u00f6rderung von Klein- und Lokalbahnen!<\/p>\n<p>Zur Zeit haben wir nur ein virtuelles Museum. Das liegt an einem Rechtsstreit mit einem unserer Vertragspartner. Seit 1985 gab es eine Kooperation zwischen dem N\u00d6 Lokalbahnmuseum, dem Verband der Eisenbahnfreunde und uns.<\/p>\n<p>Gegr\u00fcndet haben wir es schon fr\u00fcher, zun\u00e4chst waren wir in der Waldbahn Langau, sp\u00e4ter im Safaripark G\u00e4nserndorf und zuletzt im Eisenbahnmuseum Schwechat aktiv. Eine genaue Aufzeichnungen \u00fcber die schleichende Entwicklung vom Depot \u00fcber Schaudepot zum Museum in Schwacht gibt es leider nicht. Das wir jedenfalls schon sehr lange in Schwechat aktiv waren belegt dieser Frachtbrief:<\/p>\n<p><a href=\"https:\/\/eisenbahnmuseum.vfkl.at\/wp-content\/uploads\/2020\/05\/VFKL-Fahrgestell-1-m-1981-002.pdf\">VFKL Fahrgestell 1 m 1981 002<\/a><\/p>\n<p>Damit ist belegt das wir schon lange vor dem VEF mit dem Aufbau des Museums begonnen haben.<\/p>\n<p>Wir laden Sie nun ein, unser virtuelles Museum zu besuchen und hoffen so bald wie m\u00f6glich Sie auch wieder pers\u00f6nlich begr\u00fc\u00dfen zu d\u00fcrfen! Sollten Sie ein Feldbahnmuseum in Ihrer N\u00e4he w\u00fcnschen und auch ein dazu passendes Gel\u00e4nde kennen, z\u00f6gern Sie nicht, Kontakt mit uns aufzunehmen!<\/p>\n<p>&nbsp;<\/p>\n","protected":false},"excerpt":{"rendered":"<p>Herzlich Willkommen beim Verein zur F\u00f6rderung von Klein- und Lokalbahnen! Zur Zeit haben wir nur ein virtuelles Museum. Das liegt an einem Rechtsstreit mit einem unserer Vertragspartner. Seit 1985 gab es eine Kooperation zwischen dem N\u00d6 Lokalbahnmuseum, dem Verband der Eisenbahnfreunde und uns. Gegr\u00fcndet haben wir es schon fr\u00fcher, zun\u00e4chst waren wir in der Waldbahn &hellip; <\/p>\n<p class=\"link-more\"><a href=\"https:\/\/eisenbahnmuseum.vfkl.at\/\" class=\"more-link\"><span class=\"screen-reader-text\">\u201eHerzlich Willkommen!\u201c <\/span>weiterlesen<\/a><\/p>\n","protected":false},"author":1,"featured_media":48,"parent":0,"menu_order":0,"comment_status":"closed","ping_status":"closed","template":"","meta":{"footnotes":""},"class_list":["post-7","page","type-page","status-publish","has-post-thumbnail","hentry"],"yoast_head":"<!-- This site is optimized with the Yoast SEO plugin v24.5 - https:\/\/yoast.com\/wordpress\/plugins\/seo\/ -->\n<title>Herzlich Willkommen! - Verein zur F\u00f6rderung von Klein- und Lokalbahnen<\/title>\n<meta name=\"robots\" content=\"index, follow, max-snippet:-1, max-image-preview:large, max-video-preview:-1\" \/>\n<link rel=\"canonical\" href=\"https:\/\/eisenbahnmuseum.vfkl.at\/\" \/>\n<meta property=\"og:locale\" content=\"de_DE\" \/>\n<meta property=\"og:type\" content=\"article\" \/>\n<meta property=\"og:title\" content=\"Herzlich Willkommen! - Verein zur F\u00f6rderung von Klein- und Lokalbahnen\" \/>\n<meta property=\"og:description\" content=\"Herzlich Willkommen beim Verein zur F\u00f6rderung von Klein- und Lokalbahnen! Zur Zeit haben wir nur ein virtuelles Museum. Das liegt an einem Rechtsstreit mit einem unserer Vertragspartner. Seit 1985 gab es eine Kooperation zwischen dem N\u00d6 Lokalbahnmuseum, dem Verband der Eisenbahnfreunde und uns. Gegr\u00fcndet haben wir es schon fr\u00fcher, zun\u00e4chst waren wir in der Waldbahn &hellip; \u201eHerzlich Willkommen!\u201c weiterlesen\" \/>\n<meta property=\"og:url\" content=\"https:\/\/eisenbahnmuseum.vfkl.at\/\" \/>\n<meta property=\"og:site_name\" content=\"Verein zur F\u00f6rderung von Klein- und Lokalbahnen\" \/>\n<meta property=\"article:modified_time\" content=\"2024-07-28T15:00:46+00:00\" \/>\n<meta property=\"og:image\" content=\"https:\/\/eisenbahnmuseum.vfkl.at\/wp-content\/uploads\/2020\/05\/langau2.jpg\" \/>\n\t<meta property=\"og:image:width\" content=\"500\" \/>\n\t<meta property=\"og:image:height\" content=\"314\" \/>\n\t<meta property=\"og:image:type\" content=\"image\/jpeg\" \/>\n<meta name=\"twitter:card\" content=\"summary_large_image\" \/>\n<meta name=\"twitter:label1\" content=\"Gesch\u00e4tzte Lesezeit\" \/>\n\t<meta name=\"twitter:data1\" content=\"2\u00a0Minuten\" \/>\n<script type=\"application\/ld+json\" class=\"yoast-schema-graph\">{\"@context\":\"https:\/\/schema.org\",\"@graph\":[{\"@type\":\"WebPage\",\"@id\":\"https:\/\/eisenbahnmuseum.vfkl.at\/\",\"url\":\"https:\/\/eisenbahnmuseum.vfkl.at\/\",\"name\":\"Herzlich Willkommen! - Verein zur F\u00f6rderung von Klein- und Lokalbahnen\",\"isPartOf\":{\"@id\":\"https:\/\/eisenbahnmuseum.vfkl.at\/#website\"},\"primaryImageOfPage\":{\"@id\":\"https:\/\/eisenbahnmuseum.vfkl.at\/#primaryimage\"},\"image\":{\"@id\":\"https:\/\/eisenbahnmuseum.vfkl.at\/#primaryimage\"},\"thumbnailUrl\":\"https:\/\/eisenbahnmuseum.vfkl.at\/wp-content\/uploads\/2020\/05\/langau2.jpg\",\"datePublished\":\"2020-05-08T17:40:21+00:00\",\"dateModified\":\"2024-07-28T15:00:46+00:00\",\"breadcrumb\":{\"@id\":\"https:\/\/eisenbahnmuseum.vfkl.at\/#breadcrumb\"},\"inLanguage\":\"de\",\"potentialAction\":[{\"@type\":\"ReadAction\",\"target\":[\"https:\/\/eisenbahnmuseum.vfkl.at\/\"]}]},{\"@type\":\"ImageObject\",\"inLanguage\":\"de\",\"@id\":\"https:\/\/eisenbahnmuseum.vfkl.at\/#primaryimage\",\"url\":\"https:\/\/eisenbahnmuseum.vfkl.at\/wp-content\/uploads\/2020\/05\/langau2.jpg\",\"contentUrl\":\"https:\/\/eisenbahnmuseum.vfkl.at\/wp-content\/uploads\/2020\/05\/langau2.jpg\",\"width\":500,\"height\":314},{\"@type\":\"BreadcrumbList\",\"@id\":\"https:\/\/eisenbahnmuseum.vfkl.at\/#breadcrumb\",\"itemListElement\":[{\"@type\":\"ListItem\",\"position\":1,\"name\":\"Startseite\",\"item\":\"https:\/\/eisenbahnmuseum.vfkl.at\/\"},{\"@type\":\"ListItem\",\"position\":2,\"name\":\"Herzlich Willkommen!\"}]},{\"@type\":\"WebSite\",\"@id\":\"https:\/\/eisenbahnmuseum.vfkl.at\/#website\",\"url\":\"https:\/\/eisenbahnmuseum.vfkl.at\/\",\"name\":\"Verein zur F\u00f6rderung von Klein- und Lokalbahnen\",\"description\":\"Das virtuelle Museum\",\"potentialAction\":[{\"@type\":\"SearchAction\",\"target\":{\"@type\":\"EntryPoint\",\"urlTemplate\":\"https:\/\/eisenbahnmuseum.vfkl.at\/?s={search_term_string}\"},\"query-input\":{\"@type\":\"PropertyValueSpecification\",\"valueRequired\":true,\"valueName\":\"search_term_string\"}}],\"inLanguage\":\"de\"}]}<\/script>\n<!-- \/ Yoast SEO plugin. -->","yoast_head_json":{"title":"Herzlich Willkommen! - Verein zur F\u00f6rderung von Klein- und Lokalbahnen","robots":{"index":"index","follow":"follow","max-snippet":"max-snippet:-1","max-image-preview":"max-image-preview:large","max-video-preview":"max-video-preview:-1"},"canonical":"https:\/\/eisenbahnmuseum.vfkl.at\/","og_locale":"de_DE","og_type":"article","og_title":"Herzlich Willkommen! - Verein zur F\u00f6rderung von Klein- und Lokalbahnen","og_description":"Herzlich Willkommen beim Verein zur F\u00f6rderung von Klein- und Lokalbahnen! Zur Zeit haben wir nur ein virtuelles Museum. Das liegt an einem Rechtsstreit mit einem unserer Vertragspartner. Seit 1985 gab es eine Kooperation zwischen dem N\u00d6 Lokalbahnmuseum, dem Verband der Eisenbahnfreunde und uns. Gegr\u00fcndet haben wir es schon fr\u00fcher, zun\u00e4chst waren wir in der Waldbahn &hellip; \u201eHerzlich Willkommen!\u201c weiterlesen","og_url":"https:\/\/eisenbahnmuseum.vfkl.at\/","og_site_name":"Verein zur F\u00f6rderung von Klein- und Lokalbahnen","article_modified_time":"2024-07-28T15:00:46+00:00","og_image":[{"width":500,"height":314,"url":"https:\/\/eisenbahnmuseum.vfkl.at\/wp-content\/uploads\/2020\/05\/langau2.jpg","type":"image\/jpeg"}],"twitter_card":"summary_large_image","twitter_misc":{"Gesch\u00e4tzte Lesezeit":"2\u00a0Minuten"},"schema":{"@context":"https:\/\/schema.org","@graph":[{"@type":"WebPage","@id":"https:\/\/eisenbahnmuseum.vfkl.at\/","url":"https:\/\/eisenbahnmuseum.vfkl.at\/","name":"Herzlich Willkommen! - Verein zur F\u00f6rderung von Klein- und Lokalbahnen","isPartOf":{"@id":"https:\/\/eisenbahnmuseum.vfkl.at\/#website"},"primaryImageOfPage":{"@id":"https:\/\/eisenbahnmuseum.vfkl.at\/#primaryimage"},"image":{"@id":"https:\/\/eisenbahnmuseum.vfkl.at\/#primaryimage"},"thumbnailUrl":"https:\/\/eisenbahnmuseum.vfkl.at\/wp-content\/uploads\/2020\/05\/langau2.jpg","datePublished":"2020-05-08T17:40:21+00:00","dateModified":"2024-07-28T15:00:46+00:00","breadcrumb":{"@id":"https:\/\/eisenbahnmuseum.vfkl.at\/#breadcrumb"},"inLanguage":"de","potentialAction":[{"@type":"ReadAction","target":["https:\/\/eisenbahnmuseum.vfkl.at\/"]}]},{"@type":"ImageObject","inLanguage":"de","@id":"https:\/\/eisenbahnmuseum.vfkl.at\/#primaryimage","url":"https:\/\/eisenbahnmuseum.vfkl.at\/wp-content\/uploads\/2020\/05\/langau2.jpg","contentUrl":"https:\/\/eisenbahnmuseum.vfkl.at\/wp-content\/uploads\/2020\/05\/langau2.jpg","width":500,"height":314},{"@type":"BreadcrumbList","@id":"https:\/\/eisenbahnmuseum.vfkl.at\/#breadcrumb","itemListElement":[{"@type":"ListItem","position":1,"name":"Startseite","item":"https:\/\/eisenbahnmuseum.vfkl.at\/"},{"@type":"ListItem","position":2,"name":"Herzlich Willkommen!"}]},{"@type":"WebSite","@id":"https:\/\/eisenbahnmuseum.vfkl.at\/#website","url":"https:\/\/eisenbahnmuseum.vfkl.at\/","name":"Verein zur F\u00f6rderung von Klein- und Lokalbahnen","description":"Das virtuelle Museum","potentialAction":[{"@type":"SearchAction","target":{"@type":"EntryPoint","urlTemplate":"https:\/\/eisenbahnmuseum.vfkl.at\/?s={search_term_string}"},"query-input":{"@type":"PropertyValueSpecification","valueRequired":true,"valueName":"search_term_string"}}],"inLanguage":"de"}]}},"_links":{"self":[{"href":"https:\/\/eisenbahnmuseum.vfkl.at\/index.php\/wp-json\/wp\/v2\/pages\/7","targetHints":{"allow":["GET"]}}],"collection":[{"href":"https:\/\/eisenbahnmuseum.vfkl.at\/index.php\/wp-json\/wp\/v2\/pages"}],"about":[{"href":"https:\/\/eisenbahnmuseum.vfkl.at\/index.php\/wp-json\/wp\/v2\/types\/page"}],"author":[{"embeddable":true,"href":"https:\/\/eisenbahnmuseum.vfkl.at\/index.php\/wp-json\/wp\/v2\/users\/1"}],"replies":[{"embeddable":true,"href":"https:\/\/eisenbahnmuseum.vfkl.at\/index.php\/wp-json\/wp\/v2\/comments?post=7"}],"version-history":[{"count":6,"href":"https:\/\/eisenbahnmuseum.vfkl.at\/index.php\/wp-json\/wp\/v2\/pages\/7\/revisions"}],"predecessor-version":[{"id":218,"href":"https:\/\/eisenbahnmuseum.vfkl.at\/index.php\/wp-json\/wp\/v2\/pages\/7\/revisions\/218"}],"wp:featuredmedia":[{"embeddable":true,"href":"https:\/\/eisenbahnmuseum.vfkl.at\/index.php\/wp-json\/wp\/v2\/media\/48"}],"wp:attachment":[{"href":"https:\/\/eisenbahnmuseum.vfkl.at\/index.php\/wp-json\/wp\/v2\/media?parent=7"}],"curies":[{"name":"wp","href":"https:\/\/api.w.org\/{rel}","templated":true}]}}